{"id":2,"date":"2018-03-08T22:07:37","date_gmt":"2018-03-08T22:07:37","guid":{"rendered":"http:\/\/mixprint.pl\/Index\/?page_id=2"},"modified":"2025-12-31T11:26:58","modified_gmt":"2025-12-31T11:26:58","slug":"about","status":"publish","type":"page","link":"http:\/\/mixprint.pl\/Index\/","title":{"rendered":"Dzie\u0144 dobry"},"content":{"rendered":"<p>Serdecznie witamy na naszej stronie.<\/p>\n<p>Pierwsze kroki w sitodruku stawiali\u015bmy na pocz\u0105tku lat 90-tych ubieg\u0142ego stulecia&#8230; Na przestrzeni ubieg\u0142ych lat zdobywali\u015bmy do\u015bwiadczenie w zakresie poligrafii zar\u00f3wno w Polsce jak i za granic\u0105. Sta\u0142a obecno\u015b\u0107 na rynku druku, ch\u0119\u0107 i zapa\u0142 do pracy oraz pasja z jak\u0105 oddajemy si\u0119 drukowaniu spowodowa\u0142y, \u017ce jeste\u015bmy w stanie podo\u0142a\u0107 nawet najtrudniejszemu wyzwaniu poligraficznemu.<\/p>\n<p>Sitodruk to nasza specjalizacja.<\/p>\n<p>Nasza wiedza i do\u015bwiadczenie w sitodruku pozwalaj\u0105 nam bezb\u0142\u0119dnie dobiera\u0107 parametry druku do najtrudniejszych pod\u0142o\u017cy. Dlatego wykonywane przez nas nadruki charakteryzuj\u0105 si\u0119 wysok\u0105 odporno\u015bci\u0105 na \u015bcieranie, wilgo\u0107, starzenie czy promieniowanie uv.<\/p>\n<p>Nasze standardowe produkty to:<\/p>\n<ul>\n<li>naklejki na folii samoprzylepnej<\/li>\n<li>naklejki na folii adhezyjnej<\/li>\n<li>naklejki dwustronne<\/li>\n<li>wizyt\u00f3wki pcv<\/li>\n<li>koszulki, kurtki, kamizelki, torby, parasole z nadrukiem<\/li>\n<li>tatua\u017ce zmywalne &#8211; naklejki wodne &#8211; kalkomania reklamowa<\/li>\n<li>ofert\u00f3wki\/obwoluty z nadrukiem<\/li>\n<li>koszulki wpinane do segregatora z nadrukiem<\/li>\n<li>tabliczki metalowe z nadrukiem<\/li>\n<li>tabliczki z tworzyw sztucznych z nadrukiem<\/li>\n<li>nadruki na materia\u0142ach powierzonych<\/li>\n<\/ul>\n<p>Ka\u017cdemu klientowi po\u015bwi\u0119camy ca\u0142\u0105 nasz\u0105 uwag\u0119, niezale\u017cnie od tego jakiej wielko\u015bci jest jego zam\u00f3wienie, co wyr\u00f3\u017cnia nas na tle konkurencji.<\/p>\n\n\n<figure class=\"wp-block-image size-large is-resized\"><a href=\"http:\/\/mixprint.pl\/Index\/wp-content\/uploads\/2021\/11\/plansza-informacyjna-PFR-poziom.jpg\"><img loading=\"lazy\" src=\"http:\/\/mixprint.pl\/Index\/wp-content\/uploads\/2021\/11\/plansza-informacyjna-PFR-poziom-1024x149.jpg\" alt=\"\" class=\"wp-image-69\" width=\"667\" height=\"97\" srcset=\"http:\/\/mixprint.pl\/Index\/wp-content\/uploads\/2021\/11\/plansza-informacyjna-PFR-poziom-1024x149.jpg 1024w, http:\/\/mixprint.pl\/Index\/wp-content\/uploads\/2021\/11\/plansza-informacyjna-PFR-poziom-300x44.jpg 300w, http:\/\/mixprint.pl\/Index\/wp-content\/uploads\/2021\/11\/plansza-informacyjna-PFR-poziom-768x112.jpg 768w, http:\/\/mixprint.pl\/Index\/wp-content\/uploads\/2021\/11\/plansza-informacyjna-PFR-poziom-1536x224.jpg 1536w, http:\/\/mixprint.pl\/Index\/wp-content\/uploads\/2021\/11\/plansza-informacyjna-PFR-poziom.jpg 1790w\" sizes=\"(max-width: 667px) 100vw, 667px\" \/><\/a><\/figure>\n\n\n\n<p><\/p>\n","protected":false},"excerpt":{"rendered":"<p>Serdecznie witamy na naszej stronie. Pierwsze kroki w sitodruku stawiali\u015bmy na pocz\u0105tku lat 90-tych ubieg\u0142ego stulecia&#8230; Na przestrzeni ubieg\u0142ych lat zdobywali\u015bmy do\u015bwiadczenie w zakresie poligrafii zar\u00f3wno w Polsce jak i za granic\u0105. Sta\u0142a obecno\u015b\u0107 na rynku druku, ch\u0119\u0107 i zapa\u0142 do pracy oraz pasja z jak\u0105 oddajemy si\u0119 drukowaniu spowodowa\u0142y, \u017ce jeste\u015bmy w stanie podo\u0142a\u0107 &hellip; <\/p>\n<p class=\"link-more\"><a href=\"http:\/\/mixprint.pl\/Index\/\" class=\"more-link\">Czytaj dalej<span class=\"screen-reader-text\"> \u201eDzie\u0144 dobry\u201d<\/span><\/a><\/p>\n","protected":false},"author":1,"featured_media":0,"parent":0,"menu_order":0,"comment_status":"open","ping_status":"open","template":"","meta":[],"_links":{"self":[{"href":"http:\/\/mixprint.pl\/Index\/wp-json\/wp\/v2\/pages\/2"}],"collection":[{"href":"http:\/\/mixprint.pl\/Index\/wp-json\/wp\/v2\/pages"}],"about":[{"href":"http:\/\/mixprint.pl\/Index\/wp-json\/wp\/v2\/types\/page"}],"author":[{"embeddable":true,"href":"http:\/\/mixprint.pl\/Index\/wp-json\/wp\/v2\/users\/1"}],"replies":[{"embeddable":true,"href":"http:\/\/mixprint.pl\/Index\/wp-json\/wp\/v2\/comments?post=2"}],"version-history":[{"count":7,"href":"http:\/\/mixprint.pl\/Index\/wp-json\/wp\/v2\/pages\/2\/revisions"}],"predecessor-version":[{"id":78,"href":"http:\/\/mixprint.pl\/Index\/wp-json\/wp\/v2\/pages\/2\/revisions\/78"}],"wp:attachment":[{"href":"http:\/\/mixprint.pl\/Index\/wp-json\/wp\/v2\/media?parent=2"}],"curies":[{"name":"wp","href":"https:\/\/api.w.org\/{rel}","templated":true}]}}